{"id":1972,"date":"2018-04-26T07:15:50","date_gmt":"2018-04-26T11:15:50","guid":{"rendered":"http:\/\/haiti-observateur.ca\/?page_id=1972"},"modified":"2023-01-27T14:51:39","modified_gmt":"2023-01-27T19:51:39","slug":"memoire","status":"publish","type":"page","link":"http:\/\/haiti-observateur.org\/?page_id=1972","title":{"rendered":"M\u00e9moire"},"content":{"rendered":"<p><em>Un pass\u00e9, des archives et une m\u00e9moire qui nous parlent\u2026<\/em><\/p>\n<hr \/>\n<p>Dr Jo\u00ebl Des Rosiers (chapitre XVI) et l\u2019esth\u00e9tique m\u00e9tropolitaine<\/p>\n<ul>\n<li>Du pol\u00e9miste chez Des Rosiers nous avions pris note des textes parus dans\u00a0<span class=\"i\">Ha\u00efti-Observateur<\/span>\u00a0(7\u00a0nov. 1986)<\/li>\n<li>https:\/\/www.numerilab.org\/read\/solidarites-tiers-monde\/section\/693c07b2-8f80-462d-92f4-a79c7b28feb2<\/li>\n<li>\u00e9voquant \u2018dans ma vieille ford des ann\u00e9es 80\u2019<\/li>\n<\/ul>\n<p><strong>Refworld \/ Attacks on the press in 1999 \u2013 Ha\u00efti<\/strong><\/p>\n<ul>\n<li>Committee to protect Journalist<\/li>\n<li><a href=\"https:\/\/www.refworld.org\/docid\/47c565aa41.html\">https:\/\/www.refworld.org\/docid\/47c565aa41.html<\/a><\/li>\n<li>October 7 \u2013\u00a0<b>Rodrigue Louis<\/b>,\u00a0<i>Haiti-Observateur<\/i>\u00a0HARASSED<\/li>\n<li>Louis, a long-time reporter with\u00a0<i>Haiti-Observateur<\/i>, an opposition weekly that is published in the United States and also distributed in Haiti, found his car smeared with fece<\/li>\n<\/ul>\n<p><strong>Lysias C.\u00a0<a href=\"https:\/\/browse.nypl.org\/iii\/encore\/record\/C__Rb19768478__SOrganisation%20r%C3%A9volutionnaire%2018%20mai%2C%20D%C3%A9mocratie%20nouvelle.__Orightresult__X3?lang=eng&amp;suite=def\">VERRET<\/a>\u00a0(1973)<\/strong>\u00a0:<\/p>\n<ul>\n<li class=\"recordDetailValue\"><span id=\"mediaTypeInsertComponent\" class=\"itemMediaDescription\">BOOK\/TEXT<\/span>\u00a0<span class=\"pipeDivider\">|<\/span>\u00a0<a href=\"http:\/\/www.worldcat.org\/title\/lettre-ouverte-a-lysias-c-verret-du-journal-haiti-observateur-a-loccasion-du-congres-de-boston-du-groupement-resistance-haitienne-tenu-du-31-aout-au-3-septembre-1973\/oclc\/827739037&amp;referer=brief_results\"><span id=\"searchResultPublisherInsertComponent\" class=\"itemPublisher\"><span class=\"highlight customHighlight\">Organisation r\u00e9volutionnaire 18 Mai<\/span><\/span><\/a>\u00a0<span class=\"pipeDivider\">|<\/span>\u00a0<span id=\"searchResultPubYearInsertComponent\" class=\"itemMediaYear\">1973<\/span>\n<ul>\n<li class=\"recordDetailValue\"><span class=\"availabilityMessage\"><span class=\"itemsAvailable\">Available<\/span>\u00a0at Schomburg Center \u2013 Research &amp; Reference (<span class=\"availCallNumber\">Sc F 12-497 no. 1-8<\/span>)<\/span><\/li>\n<\/ul>\n<\/li>\n<\/ul>\n<hr \/>\n<div class=\"availabilitySummaryArea\">\n<div id=\"attachment_2048\" class=\"wp-caption aligncenter\">\n<p><img loading=\"lazy\" class=\"wp-image-2048 size-full\" src=\"http:\/\/haiti-observateur.org\/wp-content\/uploads\/2018\/04\/gerardlouisjacques-1.jpg\" alt=\"\" width=\"200\" height=\"219\" aria-describedby=\"caption-attachment-2048\" \/><\/p>\n<p id=\"caption-attachment-2048\" class=\"wp-caption-text\">G\u00e9rard Louis-Jacques et sa femme (n\u00e9e Rolande Montreuil) en compagnie de l\u2019ex pr\u00e9sident Leslie Manigat, \u00e0 l\u2019occasion des 25 ans de l\u2019hebdomadaire Ha\u00efti-Observateur, en 1995, \u00e0 l\u2019H\u00f4tel Delta, \u00e0 Montr\u00e9al (QC. Canada)<\/p>\n<\/div>\n<\/div>\n<div class=\"availabilitySummaryArea\">\n<hr \/>\n<div id=\"attachment_6280\" style=\"width: 310px\" class=\"wp-caption aligncenter\"><img aria-describedby=\"caption-attachment-6280\" loading=\"lazy\" class=\"wp-image-6280 size-full\" src=\"http:\/\/haiti-observateur.org\/wp-content\/uploads\/2023\/01\/manigatho25ans-.jpg\" alt=\"\" width=\"300\" height=\"197\" \/><p id=\"caption-attachment-6280\" class=\"wp-caption-text\">G\u00e9rard Louis-Jacques et sa femme (n\u00e9e Rolande Montreuil) en compagnie de l\u2019ex pr\u00e9sident Leslie Manigat, \u00e0 l\u2019occasion des 25 ans de l\u2019hebdomadaire Ha\u00efti-Observateur, en 1995, \u00e0 l\u2019H\u00f4tel Delta, \u00e0 Montr\u00e9al (QC. Canada)<\/p><\/div>\n<\/div>\n","protected":false},"excerpt":{"rendered":"<p>Un pass\u00e9, des archives et une m\u00e9moire qui nous parlent\u2026 Dr Jo\u00ebl Des Rosiers (chapitre XVI) et l\u2019esth\u00e9tique m\u00e9tropolitaine Du pol\u00e9miste chez Des Rosiers nous avions pris note des textes parus dans\u00a0Ha\u00efti-Observateur\u00a0(7\u00a0nov. 1986) https:\/\/www.numerilab.org\/read\/solidarites-tiers-monde\/section\/693c07b2-8f80-462d-92f4-a79c7b28feb2 \u00e9voquant \u2018dans ma vieille ford des ann\u00e9es 80\u2019 Refworld \/ Attacks on the press in 1999 \u2013 Ha\u00efti Committee to protect Journalist https:\/\/www.refworld.org\/docid\/47c565aa41.html October 7 \u2013\u00a0Rodrigue Louis,\u00a0Haiti-Observateur\u00a0HARASSED Louis, a long-time reporter with\u00a0Haiti-Observateur, an opposition weekly that is published in the United States and also distributed in Haiti, found his car smeared with fece Lysias C.\u00a0VERRET\u00a0(1973)\u00a0: BOOK\/TEXT\u00a0|\u00a0Organisation&#8230; <\/p>\n","protected":false},"author":1,"featured_media":0,"parent":17,"menu_order":0,"comment_status":"closed","ping_status":"closed","template":"home-layout-timeline.php","meta":[],"_links":{"self":[{"href":"http:\/\/haiti-observateur.org\/index.php?rest_route=\/wp\/v2\/pages\/1972"}],"collection":[{"href":"http:\/\/haiti-observateur.org\/index.php?rest_route=\/wp\/v2\/pages"}],"about":[{"href":"http:\/\/haiti-observateur.org\/index.php?rest_route=\/wp\/v2\/types\/page"}],"author":[{"embeddable":true,"href":"http:\/\/haiti-observateur.org\/index.php?rest_route=\/wp\/v2\/users\/1"}],"replies":[{"embeddable":true,"href":"http:\/\/haiti-observateur.org\/index.php?rest_route=%2Fwp%2Fv2%2Fcomments&post=1972"}],"version-history":[{"count":5,"href":"http:\/\/haiti-observateur.org\/index.php?rest_route=\/wp\/v2\/pages\/1972\/revisions"}],"predecessor-version":[{"id":6402,"href":"http:\/\/haiti-observateur.org\/index.php?rest_route=\/wp\/v2\/pages\/1972\/revisions\/6402"}],"up":[{"embeddable":true,"href":"http:\/\/haiti-observateur.org\/index.php?rest_route=\/wp\/v2\/pages\/17"}],"wp:attachment":[{"href":"http:\/\/haiti-observateur.org\/index.php?rest_route=%2Fwp%2Fv2%2Fmedia&parent=1972"}],"curies":[{"name":"wp","href":"https:\/\/api.w.org\/{rel}","templated":true}]}}