{"id":1934,"date":"2018-04-19T18:28:56","date_gmt":"2018-04-19T22:28:56","guid":{"rendered":"http:\/\/haiti-observateur.ca\/?page_id=1934"},"modified":"2018-04-19T18:28:56","modified_gmt":"2018-04-19T22:28:56","slug":"dany","status":"publish","type":"page","link":"http:\/\/haiti-observateur.org\/?page_id=1934","title":{"rendered":"Dany"},"content":{"rendered":"<p>\t\t\t\tGalerie <a href=\"http:\/\/www.academie-francaise.fr\/les-immortels\/dany-laferriere?fauteuil=2&amp;election=12-12-2013\">Dany Laferri\u00e8re<\/a> \u00ab Carte Blanche \u00bb au statut d&#8217;Immortel \u00e0 l&#8217;Acad\u00e9mie fran\u00e7aise.<\/p>\n<hr \/>\n<p style=\"text-align: center;\">[FinalTilesGallery id=&#8217;2&#8242;]\n","protected":false},"excerpt":{"rendered":"<p>Galerie Dany Laferri\u00e8re \u00ab Carte Blanche \u00bb au statut d&#8217;Immortel \u00e0 l&#8217;Acad\u00e9mie fran\u00e7aise. [FinalTilesGallery id=&#8217;2&#8242;]<\/p>\n","protected":false},"author":1,"featured_media":1983,"parent":1972,"menu_order":0,"comment_status":"closed","ping_status":"closed","template":"home-layout-masonry.php","meta":[],"_links":{"self":[{"href":"http:\/\/haiti-observateur.org\/index.php?rest_route=\/wp\/v2\/pages\/1934"}],"collection":[{"href":"http:\/\/haiti-observateur.org\/index.php?rest_route=\/wp\/v2\/pages"}],"about":[{"href":"http:\/\/haiti-observateur.org\/index.php?rest_route=\/wp\/v2\/types\/page"}],"author":[{"embeddable":true,"href":"http:\/\/haiti-observateur.org\/index.php?rest_route=\/wp\/v2\/users\/1"}],"replies":[{"embeddable":true,"href":"http:\/\/haiti-observateur.org\/index.php?rest_route=%2Fwp%2Fv2%2Fcomments&post=1934"}],"version-history":[{"count":0,"href":"http:\/\/haiti-observateur.org\/index.php?rest_route=\/wp\/v2\/pages\/1934\/revisions"}],"up":[{"embeddable":true,"href":"http:\/\/haiti-observateur.org\/index.php?rest_route=\/wp\/v2\/pages\/1972"}],"wp:featuredmedia":[{"embeddable":true,"href":"http:\/\/haiti-observateur.org\/index.php?rest_route=\/wp\/v2\/media\/1983"}],"wp:attachment":[{"href":"http:\/\/haiti-observateur.org\/index.php?rest_route=%2Fwp%2Fv2%2Fmedia&parent=1934"}],"curies":[{"name":"wp","href":"https:\/\/api.w.org\/{rel}","templated":true}]}}