{"id":1877,"date":"2018-04-19T00:20:19","date_gmt":"2018-04-19T04:20:19","guid":{"rendered":"http:\/\/haiti-observateur.ca\/?page_id=1877"},"modified":"2023-07-22T23:05:56","modified_gmt":"2023-07-23T03:05:56","slug":"staff","status":"publish","type":"page","link":"http:\/\/haiti-observateur.org\/?page_id=1877","title":{"rendered":"Staff"},"content":{"rendered":"<div class=\"entry-content\">\n<p><strong>Catalogue g\u00e9n\u00e9ral illustr\u00e9 <\/strong><em>(par photo)<\/em><\/p>\n\n\t\t<style type=\"text\/css\">\n\t\t\t#gallery-1 {\n\t\t\t\tmargin: auto;\n\t\t\t}\n\t\t\t#gallery-1 .gallery-item {\n\t\t\t\tfloat: left;\n\t\t\t\tmargin-top: 10px;\n\t\t\t\ttext-align: center;\n\t\t\t\twidth: 11%;\n\t\t\t}\n\t\t\t#gallery-1 img {\n\t\t\t\tborder: 2px solid #cfcfcf;\n\t\t\t}\n\t\t\t#gallery-1 .gallery-caption {\n\t\t\t\tmargin-left: 0;\n\t\t\t}\n\t\t\t\/* see gallery_shortcode() in wp-includes\/media.php *\/\n\t\t<\/style>\n\t\t<div id='gallery-1' class='gallery galleryid-1877 gallery-columns-9 gallery-size-thumbnail'><dl class='gallery-item'>\n\t\t\t<dt class='gallery-icon portrait'>\n\t\t\t\t<a href='http:\/\/haiti-observateur.org\/?attachment_id=73'><img width=\"150\" height=\"150\" src=\"http:\/\/haiti-observateur.org\/wp-content\/uploads\/2016\/12\/GiseleSaintMacaryJoseph-150x150.jpg\" class=\"attachment-thumbnail size-thumbnail\" alt=\"\" loading=\"lazy\" aria-describedby=\"gallery-1-73\" \/><\/a>\n\t\t\t<\/dt>\n\t\t\t\t<dd class='wp-caption-text gallery-caption' id='gallery-1-73'>\n\t\t\t\tGis\u00e8le St Macary Joseph\n\t\t\t\t<\/dd><\/dl><dl class='gallery-item'>\n\t\t\t<dt class='gallery-icon landscape'>\n\t\t\t\t<a href='http:\/\/haiti-observateur.org\/?attachment_id=4066#main'><img width=\"150\" height=\"150\" src=\"http:\/\/haiti-observateur.org\/wp-content\/uploads\/2019\/03\/holeojoseph-150x150.jpg\" class=\"attachment-thumbnail size-thumbnail\" alt=\"\" loading=\"lazy\" aria-describedby=\"gallery-1-4066\" \/><\/a>\n\t\t\t<\/dt>\n\t\t\t\t<dd class='wp-caption-text gallery-caption' id='gallery-1-4066'>\n\t\t\t\tL\u00e9o Joseph, chief editor\n\t\t\t\t<\/dd><\/dl><dl class='gallery-item'>\n\t\t\t<dt class='gallery-icon portrait'>\n\t\t\t\t<a href='http:\/\/haiti-observateur.org\/?attachment_id=3848'><img width=\"150\" height=\"150\" src=\"http:\/\/haiti-observateur.org\/wp-content\/uploads\/2020\/08\/ho17janv2018ray-150x150.jpg\" class=\"attachment-thumbnail size-thumbnail\" alt=\"\" loading=\"lazy\" aria-describedby=\"gallery-1-3848\" \/><\/a>\n\t\t\t<\/dt>\n\t\t\t\t<dd class='wp-caption-text gallery-caption' id='gallery-1-3848'>\n\t\t\t\tRay Joseph\n\t\t\t\t<\/dd><\/dl><dl class='gallery-item'>\n\t\t\t<dt class='gallery-icon portrait'>\n\t\t\t\t<a href='http:\/\/haiti-observateur.org\/?attachment_id=3674'><img width=\"150\" height=\"150\" src=\"http:\/\/haiti-observateur.org\/wp-content\/uploads\/2020\/08\/georgesdrigaud1-150x150.jpg\" class=\"attachment-thumbnail size-thumbnail\" alt=\"\" loading=\"lazy\" aria-describedby=\"gallery-1-3674\" \/><\/a>\n\t\t\t<\/dt>\n\t\t\t\t<dd class='wp-caption-text gallery-caption' id='gallery-1-3674'>\n\t\t\t\tGeorge D Rigaud\n\t\t\t\t<\/dd><\/dl><dl class='gallery-item'>\n\t\t\t<dt class='gallery-icon landscape'>\n\t\t\t\t<a href='http:\/\/haiti-observateur.org\/?attachment_id=6250#main'><img width=\"150\" height=\"150\" src=\"http:\/\/haiti-observateur.org\/wp-content\/uploads\/2023\/01\/paul-laraque-150x150-1-150x150.jpg\" class=\"attachment-thumbnail size-thumbnail\" alt=\"\" loading=\"lazy\" aria-describedby=\"gallery-1-6250\" \/><\/a>\n\t\t\t<\/dt>\n\t\t\t\t<dd class='wp-caption-text gallery-caption' id='gallery-1-6250'>\n\t\t\t\tPaul Laraque\n\t\t\t\t<\/dd><\/dl><dl class='gallery-item'>\n\t\t\t<dt class='gallery-icon landscape'>\n\t\t\t\t<a href='http:\/\/haiti-observateur.org\/?attachment_id=6251#main'><img width=\"150\" height=\"150\" src=\"http:\/\/haiti-observateur.org\/wp-content\/uploads\/2023\/01\/jcvalbrun-150x150.jpg\" class=\"attachment-thumbnail size-thumbnail\" alt=\"\" loading=\"lazy\" aria-describedby=\"gallery-1-6251\" \/><\/a>\n\t\t\t<\/dt>\n\t\t\t\t<dd class='wp-caption-text gallery-caption' id='gallery-1-6251'>\n\t\t\t\tJean-Claude Valbrun\n\t\t\t\t<\/dd><\/dl><dl class='gallery-item'>\n\t\t\t<dt class='gallery-icon landscape'>\n\t\t\t\t<a href='http:\/\/haiti-observateur.org\/?attachment_id=6253#main'><img width=\"150\" height=\"150\" src=\"http:\/\/haiti-observateur.org\/wp-content\/uploads\/2023\/01\/DorisLucilleWharton-1-150x150-1-150x150.jpg\" class=\"attachment-thumbnail size-thumbnail\" alt=\"\" loading=\"lazy\" aria-describedby=\"gallery-1-6253\" \/><\/a>\n\t\t\t<\/dt>\n\t\t\t\t<dd class='wp-caption-text gallery-caption' id='gallery-1-6253'>\n\t\t\t\tDoris Lucille Warthon\n\t\t\t\t<\/dd><\/dl><dl class='gallery-item'>\n\t\t\t<dt class='gallery-icon landscape'>\n\t\t\t\t<a href='http:\/\/haiti-observateur.org\/?attachment_id=4157'><img width=\"105\" height=\"84\" src=\"http:\/\/haiti-observateur.org\/wp-content\/uploads\/2020\/08\/ho19aout2020bendupuyS-rotated-e1597842385372.jpg\" class=\"attachment-thumbnail size-thumbnail\" alt=\"\" loading=\"lazy\" aria-describedby=\"gallery-1-4157\" \/><\/a>\n\t\t\t<\/dt>\n\t\t\t\t<dd class='wp-caption-text gallery-caption' id='gallery-1-4157'>\n\t\t\t\tBen Dupuy\n\t\t\t\t<\/dd><\/dl><dl class='gallery-item'>\n\t\t\t<dt class='gallery-icon portrait'>\n\t\t\t\t<a href='http:\/\/haiti-observateur.org\/?attachment_id=3675'><img width=\"150\" height=\"150\" src=\"http:\/\/haiti-observateur.org\/wp-content\/uploads\/2020\/08\/gerardlouisjacques-150x150.jpg\" class=\"attachment-thumbnail size-thumbnail\" alt=\"\" loading=\"lazy\" aria-describedby=\"gallery-1-3675\" \/><\/a>\n\t\t\t<\/dt>\n\t\t\t\t<dd class='wp-caption-text gallery-caption' id='gallery-1-3675'>\n\t\t\t\tG\u00e9rard Louis Jacques\n\t\t\t\t<\/dd><\/dl><br style=\"clear: both\" \/><dl class='gallery-item'>\n\t\t\t<dt class='gallery-icon portrait'>\n\t\t\t\t<a href='http:\/\/haiti-observateur.org\/?attachment_id=23'><img width=\"150\" height=\"150\" src=\"http:\/\/haiti-observateur.org\/wp-content\/uploads\/2016\/11\/HODrGlaudyStPhard-150x150.jpg\" class=\"attachment-thumbnail size-thumbnail\" alt=\"\" loading=\"lazy\" aria-describedby=\"gallery-1-23\" \/><\/a>\n\t\t\t<\/dt>\n\t\t\t\t<dd class='wp-caption-text gallery-caption' id='gallery-1-23'>\n\t\t\t\tDr Glaudy Saint Phard\n\t\t\t\t<\/dd><\/dl><dl class='gallery-item'>\n\t\t\t<dt class='gallery-icon landscape'>\n\t\t\t\t<a href='http:\/\/haiti-observateur.org\/?attachment_id=53'><img width=\"150\" height=\"150\" src=\"http:\/\/haiti-observateur.org\/wp-content\/uploads\/2016\/11\/HORosieBourget-e1503011813447-150x150.jpg\" class=\"attachment-thumbnail size-thumbnail\" alt=\"\" loading=\"lazy\" aria-describedby=\"gallery-1-53\" \/><\/a>\n\t\t\t<\/dt>\n\t\t\t\t<dd class='wp-caption-text gallery-caption' id='gallery-1-53'>\n\t\t\t\tRosie Bourget\n\t\t\t\t<\/dd><\/dl><dl class='gallery-item'>\n\t\t\t<dt class='gallery-icon landscape'>\n\t\t\t\t<a href='http:\/\/haiti-observateur.org\/?attachment_id=4291#main'><img width=\"150\" height=\"150\" src=\"http:\/\/haiti-observateur.org\/wp-content\/uploads\/2020\/09\/HO2september2020jujJoseph-150x150.jpg\" class=\"attachment-thumbnail size-thumbnail\" alt=\"\" loading=\"lazy\" aria-describedby=\"gallery-1-4291\" \/><\/a>\n\t\t\t<\/dt>\n\t\t\t\t<dd class='wp-caption-text gallery-caption' id='gallery-1-4291'>\n\t\t\t\tJean Serge Joseph\n\t\t\t\t<\/dd><\/dl><dl class='gallery-item'>\n\t\t\t<dt class='gallery-icon landscape'>\n\t\t\t\t<a href='http:\/\/haiti-observateur.org\/?attachment_id=6113#main'><img width=\"150\" height=\"150\" src=\"http:\/\/haiti-observateur.org\/wp-content\/uploads\/2022\/06\/hojeanchretienJan1993p-150x150.jpg\" class=\"attachment-thumbnail size-thumbnail\" alt=\"\" loading=\"lazy\" aria-describedby=\"gallery-1-6113\" \/><\/a>\n\t\t\t<\/dt>\n\t\t\t\t<dd class='wp-caption-text gallery-caption' id='gallery-1-6113'>\n\t\t\t\tJean Chr\u00e9tien\n\t\t\t\t<\/dd><\/dl><dl class='gallery-item'>\n\t\t\t<dt class='gallery-icon portrait'>\n\t\t\t\t<a href='http:\/\/haiti-observateur.org\/?attachment_id=6255#main'><img width=\"144\" height=\"150\" src=\"http:\/\/haiti-observateur.org\/wp-content\/uploads\/2023\/01\/hoJcCharles-1-144x150-1.jpg\" class=\"attachment-thumbnail size-thumbnail\" alt=\"\" loading=\"lazy\" aria-describedby=\"gallery-1-6255\" \/><\/a>\n\t\t\t<\/dt>\n\t\t\t\t<dd class='wp-caption-text gallery-caption' id='gallery-1-6255'>\n\t\t\t\tJean-Claude Charles\n\t\t\t\t<\/dd><\/dl><dl class='gallery-item'>\n\t\t\t<dt class='gallery-icon landscape'>\n\t\t\t\t<a href='http:\/\/haiti-observateur.org\/?attachment_id=6260#main'><img width=\"150\" height=\"150\" src=\"http:\/\/haiti-observateur.org\/wp-content\/uploads\/2023\/01\/danylaferiere-1-150x150.jpg\" class=\"attachment-thumbnail size-thumbnail\" alt=\"\" loading=\"lazy\" aria-describedby=\"gallery-1-6260\" \/><\/a>\n\t\t\t<\/dt>\n\t\t\t\t<dd class='wp-caption-text gallery-caption' id='gallery-1-6260'>\n\t\t\t\tDany Laf\u00e9rie\u00e8re\n\t\t\t\t<\/dd><\/dl><dl class='gallery-item'>\n\t\t\t<dt class='gallery-icon landscape'>\n\t\t\t\t<a href='http:\/\/haiti-observateur.org\/?attachment_id=6259#main'><img width=\"150\" height=\"150\" src=\"http:\/\/haiti-observateur.org\/wp-content\/uploads\/2023\/01\/michelleandre-150x150.jpg\" class=\"attachment-thumbnail size-thumbnail\" alt=\"\" loading=\"lazy\" aria-describedby=\"gallery-1-6259\" \/><\/a>\n\t\t\t<\/dt>\n\t\t\t\t<dd class='wp-caption-text gallery-caption' id='gallery-1-6259'>\n\t\t\t\tMichel L\u00e9andre\n\t\t\t\t<\/dd><\/dl><dl class='gallery-item'>\n\t\t\t<dt class='gallery-icon landscape'>\n\t\t\t\t<a href='http:\/\/haiti-observateur.org\/?attachment_id=6262#main'><img width=\"150\" height=\"150\" src=\"http:\/\/haiti-observateur.org\/wp-content\/uploads\/2023\/01\/brice-ahounou-1-150x150.jpg\" class=\"attachment-thumbnail size-thumbnail\" alt=\"\" loading=\"lazy\" aria-describedby=\"gallery-1-6262\" \/><\/a>\n\t\t\t<\/dt>\n\t\t\t\t<dd class='wp-caption-text gallery-caption' id='gallery-1-6262'>\n\t\t\t\tBrice Ahounou\n\t\t\t\t<\/dd><\/dl><dl class='gallery-item'>\n\t\t\t<dt class='gallery-icon landscape'>\n\t\t\t\t<a href='http:\/\/haiti-observateur.org\/?attachment_id=6264#main'><img width=\"150\" height=\"150\" src=\"http:\/\/haiti-observateur.org\/wp-content\/uploads\/2023\/01\/gerard-etienne--150x150.jpg\" class=\"attachment-thumbnail size-thumbnail\" alt=\"\" loading=\"lazy\" aria-describedby=\"gallery-1-6264\" \/><\/a>\n\t\t\t<\/dt>\n\t\t\t\t<dd class='wp-caption-text gallery-caption' id='gallery-1-6264'>\n\t\t\t\tDr G\u00e9rard \u00c9tienne\n\t\t\t\t<\/dd><\/dl><br style=\"clear: both\" \/><dl class='gallery-item'>\n\t\t\t<dt class='gallery-icon portrait'>\n\t\t\t\t<a href='http:\/\/haiti-observateur.org\/?attachment_id=6367'><img width=\"150\" height=\"150\" src=\"http:\/\/haiti-observateur.org\/wp-content\/uploads\/2023\/01\/jean-l-prophete2p-150x150.jpg\" class=\"attachment-thumbnail size-thumbnail\" alt=\"\" loading=\"lazy\" aria-describedby=\"gallery-1-6367\" \/><\/a>\n\t\t\t<\/dt>\n\t\t\t\t<dd class='wp-caption-text gallery-caption' id='gallery-1-6367'>\n\t\t\t\tJean L Proph\u00e8te (MD)\n\t\t\t\t<\/dd><\/dl><dl class='gallery-item'>\n\t\t\t<dt class='gallery-icon landscape'>\n\t\t\t\t<a href='http:\/\/haiti-observateur.org\/?attachment_id=6356'><img width=\"150\" height=\"150\" src=\"http:\/\/haiti-observateur.org\/wp-content\/uploads\/2023\/01\/gerard-etienne-1-1-150x150.jpg\" class=\"attachment-thumbnail size-thumbnail\" alt=\"\" loading=\"lazy\" aria-describedby=\"gallery-1-6356\" \/><\/a>\n\t\t\t<\/dt>\n\t\t\t\t<dd class='wp-caption-text gallery-caption' id='gallery-1-6356'>\n\t\t\t\tDr G\u00e9rard V \u00c9tienne\n\t\t\t\t<\/dd><\/dl><dl class='gallery-item'>\n\t\t\t<dt class='gallery-icon landscape'>\n\t\t\t\t<a href='http:\/\/haiti-observateur.org\/?attachment_id=6266#main'><img width=\"150\" height=\"150\" src=\"http:\/\/haiti-observateur.org\/wp-content\/uploads\/2023\/01\/peterpouchon-150x150.jpg\" class=\"attachment-thumbnail size-thumbnail\" alt=\"\" loading=\"lazy\" aria-describedby=\"gallery-1-6266\" \/><\/a>\n\t\t\t<\/dt>\n\t\t\t\t<dd class='wp-caption-text gallery-caption' id='gallery-1-6266'>\n\t\t\t\tPeter Pouchon\n\t\t\t\t<\/dd><\/dl><dl class='gallery-item'>\n\t\t\t<dt class='gallery-icon portrait'>\n\t\t\t\t<a href='http:\/\/haiti-observateur.org\/?attachment_id=6265#main'><img width=\"91\" height=\"113\" src=\"http:\/\/haiti-observateur.org\/wp-content\/uploads\/2023\/01\/judederonceray2-e1674847690441.jpg\" class=\"attachment-thumbnail size-thumbnail\" alt=\"\" loading=\"lazy\" aria-describedby=\"gallery-1-6265\" \/><\/a>\n\t\t\t<\/dt>\n\t\t\t\t<dd class='wp-caption-text gallery-caption' id='gallery-1-6265'>\n\t\t\t\tJude Deronceray\n\t\t\t\t<\/dd><\/dl><dl class='gallery-item'>\n\t\t\t<dt class='gallery-icon landscape'>\n\t\t\t\t<a href='http:\/\/haiti-observateur.org\/?attachment_id=6268#main'><img width=\"150\" height=\"150\" src=\"http:\/\/haiti-observateur.org\/wp-content\/uploads\/2023\/01\/hocharlesdupuy-1-150x150.jpg\" class=\"attachment-thumbnail size-thumbnail\" alt=\"\" loading=\"lazy\" aria-describedby=\"gallery-1-6268\" \/><\/a>\n\t\t\t<\/dt>\n\t\t\t\t<dd class='wp-caption-text gallery-caption' id='gallery-1-6268'>\n\t\t\t\tCharles Dupuy\n\t\t\t\t<\/dd><\/dl><dl class='gallery-item'>\n\t\t\t<dt class='gallery-icon landscape'>\n\t\t\t\t<a href='http:\/\/haiti-observateur.org\/?attachment_id=6270#main'><img width=\"150\" height=\"150\" src=\"http:\/\/haiti-observateur.org\/wp-content\/uploads\/2023\/01\/dalmacy-yveline-150x150.jpg\" class=\"attachment-thumbnail size-thumbnail\" alt=\"\" loading=\"lazy\" aria-describedby=\"gallery-1-6270\" \/><\/a>\n\t\t\t<\/dt>\n\t\t\t\t<dd class='wp-caption-text gallery-caption' id='gallery-1-6270'>\n\t\t\t\tYveline Dalmacy\n\t\t\t\t<\/dd><\/dl><dl class='gallery-item'>\n\t\t\t<dt class='gallery-icon landscape'>\n\t\t\t\t<a href='http:\/\/haiti-observateur.org\/?attachment_id=3698'><img width=\"150\" height=\"150\" src=\"http:\/\/haiti-observateur.org\/wp-content\/uploads\/2020\/08\/HO2nov2011kauss-150x150.jpg\" class=\"attachment-thumbnail size-thumbnail\" alt=\"\" loading=\"lazy\" aria-describedby=\"gallery-1-3698\" \/><\/a>\n\t\t\t<\/dt>\n\t\t\t\t<dd class='wp-caption-text gallery-caption' id='gallery-1-3698'>\n\t\t\t\tSaint John Kauss\n\t\t\t\t<\/dd><\/dl><dl class='gallery-item'>\n\t\t\t<dt class='gallery-icon landscape'>\n\t\t\t\t<a href='http:\/\/haiti-observateur.org\/?attachment_id=6272#main'><img width=\"150\" height=\"150\" src=\"http:\/\/haiti-observateur.org\/wp-content\/uploads\/2023\/01\/daalbertini-150x150.jpg\" class=\"attachment-thumbnail size-thumbnail\" alt=\"\" loading=\"lazy\" aria-describedby=\"gallery-1-6272\" \/><\/a>\n\t\t\t<\/dt>\n\t\t\t\t<dd class='wp-caption-text gallery-caption' id='gallery-1-6272'>\n\t\t\t\tDan Albertini\n\t\t\t\t<\/dd><\/dl><dl class='gallery-item'>\n\t\t\t<dt class='gallery-icon landscape'>\n\t\t\t\t<a href='http:\/\/haiti-observateur.org\/?attachment_id=6273#main'><img width=\"150\" height=\"150\" src=\"http:\/\/haiti-observateur.org\/wp-content\/uploads\/2023\/01\/eddy-cave-150x150.jpg\" class=\"attachment-thumbnail size-thumbnail\" alt=\"\" loading=\"lazy\" aria-describedby=\"gallery-1-6273\" \/><\/a>\n\t\t\t<\/dt>\n\t\t\t\t<dd class='wp-caption-text gallery-caption' id='gallery-1-6273'>\n\t\t\t\tEddy CAv\u00e9\n\t\t\t\t<\/dd><\/dl><br style=\"clear: both\" \/><dl class='gallery-item'>\n\t\t\t<dt class='gallery-icon portrait'>\n\t\t\t\t<a href='http:\/\/haiti-observateur.org\/?attachment_id=6387'><img width=\"100\" height=\"111\" src=\"http:\/\/haiti-observateur.org\/wp-content\/uploads\/2023\/01\/pierreclitandre2.jpg\" class=\"attachment-thumbnail size-thumbnail\" alt=\"\" loading=\"lazy\" aria-describedby=\"gallery-1-6387\" \/><\/a>\n\t\t\t<\/dt>\n\t\t\t\t<dd class='wp-caption-text gallery-caption' id='gallery-1-6387'>\n\t\t\t\tPierre Clitendre\n\t\t\t\t<\/dd><\/dl><dl class='gallery-item'>\n\t\t\t<dt class='gallery-icon portrait'>\n\t\t\t\t<a href='http:\/\/haiti-observateur.org\/?attachment_id=6377'><img width=\"150\" height=\"150\" src=\"http:\/\/haiti-observateur.org\/wp-content\/uploads\/2023\/01\/mayor-rrudy-giuliani-1997p-150x150.jpg\" class=\"attachment-thumbnail size-thumbnail\" alt=\"\" loading=\"lazy\" aria-describedby=\"gallery-1-6377\" \/><\/a>\n\t\t\t<\/dt>\n\t\t\t\t<dd class='wp-caption-text gallery-caption' id='gallery-1-6377'>\n\t\t\t\tMayor Rudy Giuliani\n\t\t\t\t<\/dd><\/dl><dl class='gallery-item'>\n\t\t\t<dt class='gallery-icon portrait'>\n\t\t\t\t<a href='http:\/\/haiti-observateur.org\/?attachment_id=6373'><img width=\"150\" height=\"150\" src=\"http:\/\/haiti-observateur.org\/wp-content\/uploads\/2023\/01\/louiscarlsaintjean-HO-2-150x150.jpg\" class=\"attachment-thumbnail size-thumbnail\" alt=\"\" loading=\"lazy\" aria-describedby=\"gallery-1-6373\" \/><\/a>\n\t\t\t<\/dt>\n\t\t\t\t<dd class='wp-caption-text gallery-caption' id='gallery-1-6373'>\n\t\t\t\tLouis Carl St-Jean\n\t\t\t\t<\/dd><\/dl><dl class='gallery-item'>\n\t\t\t<dt class='gallery-icon landscape'>\n\t\t\t\t<a href='http:\/\/haiti-observateur.org\/?attachment_id=6371'><img width=\"150\" height=\"150\" src=\"http:\/\/haiti-observateur.org\/wp-content\/uploads\/2023\/01\/larrieuxJabdon-150x150-1-150x150.jpg\" class=\"attachment-thumbnail size-thumbnail\" alt=\"\" loading=\"lazy\" aria-describedby=\"gallery-1-6371\" \/><\/a>\n\t\t\t<\/dt>\n\t\t\t\t<dd class='wp-caption-text gallery-caption' id='gallery-1-6371'>\n\t\t\t\tLarieux J Abdon\n\t\t\t\t<\/dd><\/dl><dl class='gallery-item'>\n\t\t\t<dt class='gallery-icon portrait'>\n\t\t\t\t<a href='http:\/\/haiti-observateur.org\/?attachment_id=6378'><img width=\"150\" height=\"150\" src=\"http:\/\/haiti-observateur.org\/wp-content\/uploads\/2023\/01\/mayorbloomberg-150x150.jpg\" class=\"attachment-thumbnail size-thumbnail\" alt=\"\" loading=\"lazy\" aria-describedby=\"gallery-1-6378\" \/><\/a>\n\t\t\t<\/dt>\n\t\t\t\t<dd class='wp-caption-text gallery-caption' id='gallery-1-6378'>\n\t\t\t\tMAyor Michael Bloomberg\n\t\t\t\t<\/dd><\/dl><dl class='gallery-item'>\n\t\t\t<dt class='gallery-icon portrait'>\n\t\t\t\t<a href='http:\/\/haiti-observateur.org\/?attachment_id=6352'><img width=\"150\" height=\"150\" src=\"http:\/\/haiti-observateur.org\/wp-content\/uploads\/2023\/01\/fritz-saint-macary-2-150x150.jpg\" class=\"attachment-thumbnail size-thumbnail\" alt=\"\" loading=\"lazy\" aria-describedby=\"gallery-1-6352\" \/><\/a>\n\t\t\t<\/dt>\n\t\t\t\t<dd class='wp-caption-text gallery-caption' id='gallery-1-6352'>\n\t\t\t\tFritz Saint-Macary\n\t\t\t\t<\/dd><\/dl>\n\t\t\t<br style='clear: both' \/>\n\t\t<\/div>\n\n<hr \/>\n<p><strong>Catalogue<\/strong>\u00a0<em>(par pays)<\/em><\/p>\n<p><strong>USA<\/strong><\/p>\n<ul>\n<li>Raymond Alcide (Ray) Joseph (actif)\n<ul>\n<li><strong>RAJ<\/strong>,\u00a0<em>nouveliste<\/em><\/li>\n<li><strong>Grenn Pwomennen<\/strong>,\u00a0<em>nouveliste,\u00a0<\/em>Kr\u00e9y\u00f4l<\/li>\n<\/ul>\n<\/li>\n<li>L\u00e9opold Joseph \u2013 Queens (actual editor, actif)\n<ul>\n<li>L\u00e9o Joseph (journaliste)<\/li>\n<\/ul>\n<\/li>\n<li>Benjamin (Ben) Dupuy \u2013 NY (d\u00e9c\u00e9d\u00e9)<\/li>\n<li>Pharnel Duverger \u2013 FL<\/li>\n<li><strong>Elco Saint-Armand<\/strong>,\u00a0FL\u00a0<em>collaborateur avocat\u00a0<\/em>(actif)<\/li>\n<li><strong>Rodrigue Louis\u00a0<\/strong>\u2013 US\/Canada (politique)<\/li>\n<li>Jean Craft Danies \u2013 NY (d\u00e9c\u00e9d\u00e9)<\/li>\n<li><strong>Rosie Bourget<\/strong>,\u00a0<em>chronique<\/em>\n<ul>\n<li>D\u00e9veloppement Personnel<\/li>\n<\/ul>\n<\/li>\n<li>Michel L\u00e9andre \u2013 FL\/Ha\u00efti (actif)<\/li>\n<li>Frantz Bataille, US (d\u00e9c\u00e9d\u00e9)<\/li>\n<li>Gar\u00e7on \u2013 NY<\/li>\n<li>Maurice Moses, NY<\/li>\n<li>Sherley A. Cooney, FL<\/li>\n<li>Jean G. Hermantin<\/li>\n<li>N\u00e8n\u00e8 Wiseman<\/li>\n<li>Ricot Saintil (sports)<\/li>\n<li>Antoine Nangomye<\/li>\n<li>Marie-Carmelle Saint-G\u00e9rard<\/li>\n<li>Jo\u00ebl Ostrow, NY (cin\u00e9ma)<\/li>\n<li><a href=\"https:\/\/browse.nypl.org\/iii\/encore\/record\/C__Rb19768478__SOrganisation%20r%C3%A9volutionnaire%2018%20mai%2C%20D%C3%A9mocratie%20nouvelle.__Orightresult__X3?lang=eng&amp;suite=def\">Lysias C. Verret<\/a>\u00a0CH (avocat)\u00a0<em>ancien collaborateur\u00a0<\/em>(d\u00e9c\u00e9d\u00e9)<\/li>\n<li>Jean-Claude Charles \u2013 d\u00e9c\u00e9d\u00e9<\/li>\n<li>Thierry Antha (sports) NY<\/li>\n<li>Louis Emgba Mekongo (Afrique) (mort)<\/li>\n<li>Jean Julien, NY<\/li>\n<li>Jean-Robert No\u00ebl, FL Musique<\/li>\n<li>Marc Ls Bazin US (l\u2019\u00e9chec) \u2013 d\u00e9c\u00e9d\u00e9<\/li>\n<li>Mayor Michael Bloomberg NYC<\/li>\n<li>Jean-Robert Bosco<\/li>\n<li>Mick Robert Arisma (France\/Ha\u00efti)<\/li>\n<li>Jean L Proph\u00e8te NY (d\u00e9c\u00e9d\u00e9)\n<ul>\n<li>Max Dollarge, NY (d\u00e9c\u00e9d\u00e9)<\/li>\n<\/ul>\n<\/li>\n<li>Roy A Hastik, Sr.<\/li>\n<li>G\u00e9rard Georges, US<\/li>\n<li>Jude Deronceray \u2013 NJ (actif)<\/li>\n<li>Yveline Dalmacy \u2013 NY (active)<\/li>\n<li>Peter Pouchon \u2013 Brooklyn (actif)<\/li>\n<li><strong>Jim Uttley<\/strong>,\u00a0<em>collaborateur<\/em><\/li>\n<li><strong>Louis Carl Saint-Jean<\/strong>\u00a0<em>collaborateur<\/em>\u00a0NY (actif)<\/li>\n<li><strong>Robert No\u00ebl<\/strong>,\u00a0<em>chroniqueur<\/em>\n<ul>\n<li>Arts et Spectacles<\/li>\n<li>Musique<\/li>\n<\/ul>\n<\/li>\n<\/ul>\n<p><strong>Clausel Th\u00e9ard M.A.<\/strong><\/p>\n<ul>\n<li>litt\u00e9rature<\/li>\n<\/ul>\n<p><strong>Cassandra<\/strong><\/p>\n<ul>\n<li>les astres et nous<\/li>\n<\/ul>\n<p><strong>Wilson D\u00e9sir<\/strong><\/p>\n<ul>\n<li>po\u00e9sie<\/li>\n<\/ul>\n<p><strong>Ha\u00efti<\/strong><\/p>\n<ul>\n<li>Jean-Robert H\u00e9rard (US)<\/li>\n<\/ul>\n<p><strong>Canada<\/strong><\/p>\n<ul>\n<li>G\u00e9rard Hector \u2013 Montr\u00e9al (d\u00e9c\u00e9d\u00e9)<\/li>\n<li>Ghislaine Charlier (d\u00e9c\u00e9d\u00e9)<\/li>\n<li>Jean Serge Joseph \u2013 Montr\u00e9al-Nord (d\u00e9c\u00e9d\u00e9)<\/li>\n<li>Charles Dupuy \u2013\u00a0<em>Historien chroniqueur (actif)<\/em>\n<ul>\n<li>Le Coin de l\u2019Histoire<\/li>\n<\/ul>\n<\/li>\n<li>Rodrigue Louis \u2013 Montr\u00e9al<\/li>\n<li>Larieux Junior Abdon<\/li>\n<li>G\u00e9rard Louis-Jacques \u2013 Montr\u00e9al-Nord<\/li>\n<li>Georges D. Rigaud \u2013 (d\u00e9c\u00e9d\u00e9)<\/li>\n<li>Rony Duval<\/li>\n<li>Jacques D\u00e9sinor<\/li>\n<li>Mondestin Dup\u00e9, Boston US<\/li>\n<li>G\u00e9rard Verniaud \u00c9tienne\n<ul>\n<li>Natania \u00c9tienne (\u00e9pouse)<\/li>\n<\/ul>\n<\/li>\n<li>Lani Merlot (industriel)<\/li>\n<li>Fritz St Macary (Fritz\u2019s corner)<\/li>\n<li>Dany Laferri\u00e8re \u2013 Montr\u00e9al (ancien)<\/li>\n<li>Jean Chr\u00e9tien \u2013 Ottawa<\/li>\n<li>Paul Laraque \u2013 (d\u00e9c\u00e9d\u00e9)<\/li>\n<li>Franck Laraque (d\u00e9c\u00e9d\u00e9)<\/li>\n<li>John Nelson\n<ul>\n<li>St-John Kaus\u00a0<em>Collaborateur \u2013 Montr\u00e9al<\/em>\u00a0(actif)<\/li>\n<\/ul>\n<\/li>\n<li>Etzer Depestre,<\/li>\n<li>Dan Albertini,\u00a0<em>journaliste chroniqueur \u2013\u00a0<\/em>Saint-hubert (actif)\n<ul>\n<li>[Litt\u00e9rature Interdite]<\/li>\n<li>[Sur la Route du Cin\u00e9ma]<\/li>\n<li>[Diplomatie Internationale &amp; Soci\u00e9t\u00e9]<\/li>\n<\/ul>\n<\/li>\n<li>Jean Willer Marius \u2013 Gatineau (actif)<\/li>\n<li>Eddy Cav\u00e9 \u2013 Ottawa (actif)<\/li>\n<li>J\u00e9hovah G\u00e9rard Kennedy Alcius \u2013 Montr\u00e9al (actif)<b>.<\/b><\/li>\n<\/ul>\n<hr \/>\n<p><strong>France<\/strong><\/p>\n<ul>\n<li>Jean-Claude Valbrun \u2013 Paris, RD (actif)<\/li>\n<li>Brice Ahounou \u2013 Paris (actif)<\/li>\n<li><strong>Dr. Yves Saint-G\u00e9rard<\/strong>,\u00a0<em>chroniqueur \u2013 Toulouse France\u00a0<\/em>d\u00e9c\u00e9d\u00e9)<\/li>\n<\/ul>\n<p><strong>Actuel\u00a0<\/strong><em>(par nom)<\/em><\/p>\n<p><strong>Claudy Briend Auguste<\/strong>,\u00a0<em>chronique<\/em>\u00a0CBA<\/p>\n<p><strong>Jean Marin<\/strong><\/p>\n<p><strong>Michelle Mevs Portas<\/strong>,\u00a0<i>chroniqueurs<\/i><\/p>\n<ul>\n<li>Regard de la Fen\u00eatre<\/li>\n<\/ul>\n<p><strong>Photographe<\/strong><\/p>\n<ul>\n<li>Tony B\u00e9lizaire<\/li>\n<li>Erick Faublas<\/li>\n<li>Charly<\/li>\n<\/ul>\n<\/div>\n","protected":false},"excerpt":{"rendered":"<p>Catalogue g\u00e9n\u00e9ral illustr\u00e9 (par photo) Catalogue\u00a0(par pays) USA Raymond Alcide (Ray) Joseph (actif) RAJ,\u00a0nouveliste Grenn Pwomennen,\u00a0nouveliste,\u00a0Kr\u00e9y\u00f4l L\u00e9opold Joseph \u2013 Queens (actual editor, actif) L\u00e9o Joseph (journaliste) Benjamin (Ben) Dupuy \u2013 NY (d\u00e9c\u00e9d\u00e9) Pharnel Duverger \u2013 FL Elco Saint-Armand,\u00a0FL\u00a0collaborateur avocat\u00a0(actif) Rodrigue Louis\u00a0\u2013 US\/Canada (politique) Jean Craft Danies \u2013 NY (d\u00e9c\u00e9d\u00e9) Rosie Bourget,\u00a0chronique D\u00e9veloppement Personnel Michel L\u00e9andre \u2013 FL\/Ha\u00efti (actif) Frantz Bataille, US (d\u00e9c\u00e9d\u00e9) Gar\u00e7on \u2013 NY Maurice Moses, NY Sherley A. Cooney, FL Jean G. Hermantin N\u00e8n\u00e8 Wiseman Ricot Saintil (sports) Antoine Nangomye Marie-Carmelle Saint-G\u00e9rard Jo\u00ebl Ostrow, NY (cin\u00e9ma) Lysias C&#8230;. <\/p>\n","protected":false},"author":1,"featured_media":2301,"parent":17,"menu_order":0,"comment_status":"closed","ping_status":"closed","template":"home-layout-timeline.php","meta":[],"_links":{"self":[{"href":"http:\/\/haiti-observateur.org\/index.php?rest_route=\/wp\/v2\/pages\/1877"}],"collection":[{"href":"http:\/\/haiti-observateur.org\/index.php?rest_route=\/wp\/v2\/pages"}],"about":[{"href":"http:\/\/haiti-observateur.org\/index.php?rest_route=\/wp\/v2\/types\/page"}],"author":[{"embeddable":true,"href":"http:\/\/haiti-observateur.org\/index.php?rest_route=\/wp\/v2\/users\/1"}],"replies":[{"embeddable":true,"href":"http:\/\/haiti-observateur.org\/index.php?rest_route=%2Fwp%2Fv2%2Fcomments&post=1877"}],"version-history":[{"count":16,"href":"http:\/\/haiti-observateur.org\/index.php?rest_route=\/wp\/v2\/pages\/1877\/revisions"}],"predecessor-version":[{"id":6546,"href":"http:\/\/haiti-observateur.org\/index.php?rest_route=\/wp\/v2\/pages\/1877\/revisions\/6546"}],"up":[{"embeddable":true,"href":"http:\/\/haiti-observateur.org\/index.php?rest_route=\/wp\/v2\/pages\/17"}],"wp:featuredmedia":[{"embeddable":true,"href":"http:\/\/haiti-observateur.org\/index.php?rest_route=\/wp\/v2\/media\/2301"}],"wp:attachment":[{"href":"http:\/\/haiti-observateur.org\/index.php?rest_route=%2Fwp%2Fv2%2Fmedia&parent=1877"}],"curies":[{"name":"wp","href":"https:\/\/api.w.org\/{rel}","templated":true}]}}