{"id":17,"date":"2016-11-08T00:59:12","date_gmt":"2016-11-07T23:59:12","guid":{"rendered":"http:\/\/haiti-observateur.ca\/?page_id=17"},"modified":"2023-01-27T14:48:21","modified_gmt":"2023-01-27T19:48:21","slug":"organe","status":"publish","type":"page","link":"http:\/\/haiti-observateur.org\/?page_id=17","title":{"rendered":"Organe"},"content":{"rendered":"<p><a href=\"https:\/\/borrow.bklynlibrary.org\/iii\/encore\/record\/C__Rb11140309__Shaiti-observateur__Orightresult__X6;jsessionid=E6C3A1CDFDAB23856076ED5DC17C954D?lang=eng&amp;suite=def\"><strong>Ha\u00efti-Observateur<\/strong><\/a>\u00a0\/\u00a0<a href=\"http:\/\/tm9qt7lg9g.search.serialssolutions.com\/ejp\/?libHash=TM9QT7LG9G#\/search\/?searchControl=title&amp;searchType=title_code&amp;criteria=HA23OBS&amp;language=en-US&amp;titleType=ALL\"><strong>ISSN: 1043-3783<\/strong><\/a>\u00a0\u2013\u00a0<a href=\"https:\/\/browse.nypl.org\/iii\/encore\/record\/C__Rb21439017__Shaiti-observateur__P0%2C3__Orightresult__U__X6?lang=eng&amp;suite=def\"><strong>Vol. 1, no. 1<\/strong><\/a>\u00a0(25-30 juil.\u00a0<strong>1971<\/strong>).\u00a0<a href=\"https:\/\/borrow.bklynlibrary.org\/iii\/encore\/record\/C__Rb11140309__Shaiti-observateur__Orightresult__X6;jsessionid=E6C3A1CDFDAB23856076ED5DC17C954D?lang=eng&amp;suite=def\">\u00ab\u00a0<em>L\u00e8 Manke Gid P\u00e8p La Gaye<\/em>,\u00a0\u00bb July 23, 1971 ; trans. : For lack of leadership, the people go astray.<\/a><\/p>\n<p>Ha\u00efti-Observateur est pr\u00e9sent dans 34 biblioth\u00e8ques de recherches (universitaires et nationales) \u00e0 travers le monde, dont:<\/p>\n<p><strong>Library of Congress (US)<\/strong><\/p>\n<ul>\n<li>created::\u00a0Brooklyn, N.Y. : Joseph and Joseph Publishing, 1971-<\/li>\n<li>Weekly<\/li>\n<li>Began with: Vol. 1, no. 1 (25-30 juil. 1971).<\/li>\n<li>\u00ab\u00a0Le\u0300 Manke Gid Pe\u0300p La Gaye,\u00a0\u00bb July 23, 1971 ; trans. : For lack of leadership, the people go astray.<\/li>\n<li>ACQN:<strong>\u00a0aq 94010223<\/strong><\/li>\n<li>volumes : illustrations ;\u00a0<strong>42 cm<\/strong><\/li>\n<li>Library of Congress Control Number :\u00a0<strong>sn88063135<\/strong><\/li>\n<li>lien :\u00a0<a href=\"https:\/\/www.loc.gov\/item\/sn88063135\/\">https:\/\/www.loc.gov\/item\/sn88063135\/<\/a>\u00a0\u2013\u00a0<a href=\"https:\/\/lccn.loc.gov\/sn88063135\">https:\/\/lccn.loc.gov\/sn88063135<\/a><\/li>\n<li>Available on microfilm from New York Public Library.<\/li>\n<\/ul>\n<p><strong>New York City<\/strong><\/p>\n<ul>\n<li><a href=\"https:\/\/www.nyc.gov\/html\/om\/html\/96\/sp589-96.html\">https:\/\/www.nyc.gov\/html\/om\/html\/96\/sp589-96.html<\/a><\/li>\n<\/ul>\n<p><strong>Paris France<\/strong><\/p>\n<ul>\n<li id=\"typeAAAAA\" class=\"notice\"><span class=\"notice-label\">BnF Catalogue G\u00e9n\u00e9ral<\/span><\/li>\n<li class=\"notice\"><span class=\"notice-label\">Type(s) de contenu et mode(s) de consultation :\u00a0<\/span><span class=\"\">Texte not\u00e9 : sans m\u00e9diation<\/span><\/li>\n<li id=\"titre\" class=\"notice\"><span class=\"notice-label\">Titre(s)\u00a0:\u00a0<\/span><span class=\"\">Ha\u00efti observateur [Texte imprim\u00e9] \/ dir. L\u00e9opold J. Joseph<\/span><\/li>\n<li id=\"numerotation\" class=\"notice\"><span class=\"notice-label\">Num\u00e9rotation\u00a0:\u00a0<\/span><span class=\"\">Vol. 1, 1971-<\/span><\/li>\n<li id=\"publication\" class=\"notice\"><span class=\"notice-label\">Publication\u00a0:\u00a0<\/span><span class=\"\">Brooklyn : \u00ab\u00a0Ha\u00efti observateur\u00a0\u00bb, 1971-<\/span><\/li>\n<li id=\"descMat\" class=\"notice\"><span class=\"notice-label\">Description mat\u00e9rielle\u00a0:\u00a0<\/span><span class=\"\">38 cm<\/span><\/li>\n<li id=\"period\" class=\"notice\"><span class=\"notice-label\">P\u00e9riodicit\u00e9\u00a0:\u00a0<\/span><span class=\"\">Hebd.<\/span><\/li>\n<li id=\"arkNot\" class=\"notice\"><span class=\"notice-label\">Identifiant de la notice \u00a0:\u00a0<\/span>ark:\/12148\/cb344927288<\/li>\n<li id=\"numNot\" class=\"notice\"><span class=\"notice-label\">Notice n\u00b0\u00a0:\u00a0<\/span><span class=\"\">\u00a0FRBNF34492728<\/span><\/li>\n<li><a href=\"https:\/\/catalogue.bnf.fr\/ark:\/12148\/cb344927288\">https:\/\/catalogue.bnf.fr\/ark:\/12148\/cb344927288<\/a><\/li>\n<\/ul>\n<p><strong>Canada<\/strong><\/p>\n<ul>\n<li>Commission immigration (<strong>HTI103527.F) sujet<\/strong>: manifestation pour le retour d\u2019Aristide<\/li>\n<li><em>Ha\u00efti Observateur\u00a0<\/em>16-24\u00a0<abbr lang=\"fr\" title=\"avril\" xml:lang=\"fr\">avr.<\/abbr>\u00a02008 :\u00a0<a href=\"https:\/\/irb.gc.ca\/fr\/renseignements-pays\/rdi\/Pages\/index.aspx?doc=453036&amp;pedisable=true\">https:\/\/irb.gc.ca\/fr\/renseignements-pays\/rdi\/Pages\/index.aspx?doc=453036&amp;pedisable=true<\/a><\/li>\n<\/ul>\n<p><strong>Ti Corn<\/strong><\/p>\n<ul>\n<li>Le mariage de Ti Korn et Koralin, H-O Page 5,\u00a0 1 janvier 1988<\/li>\n<li><a href=\"https:\/\/www.ticorn.com\/Press2\/1988haitiobserva.html\">https:\/\/www.ticorn.com\/Press2\/1988haitiobserva.html<\/a><\/li>\n<\/ul>\n<p><strong>OES\/OAS<\/strong><\/p>\n<ul>\n<li><strong><span lang=\"ES-AR\">OEA\/Ser.L\/V\/II.74 doc. 9 rev. 1 7\u00a0<\/span>September\u00a0<span lang=\"ES-AR\">1988<\/span><\/strong><\/li>\n<li>rapport (en) du \u2026 section C.INITIAL IMPROVEMENT IN THE EXERCISE OF FREEDOM OF\u00a0EXPRESSION DURING THE CNG PERIOD, (22) cit\u00e9 comme :\u00a0 the\u00a0<u>diaspora<\/u>\u00a0newspapers, published in the United States, are also sold on Haitian streets, such as\u00a0<u>Haiti-Observateur<\/u>, [\u2026] (both published in Brooklyn, New York)<\/li>\n<li>hyperlien\u00a0\u00a0<a href=\"http:\/\/www.cidh.org\/countryrep\/haiti88eng\/chap.4.htm\">http:\/\/www.cidh.org\/countryrep\/haiti88eng\/chap.4.htm<\/a><\/li>\n<\/ul>\n<hr \/>\n<p style=\"text-align: center;\">[iframe src=&#8221;http:\/\/www.presstvnews.fr\/va\/jeanclaudevalbrun.mp4&#8243; width=&#8221;700&#8243; height=&#8221;300&#8243; frameborder=&#8221;1&#8243; scrolling=&#8221;auto&#8221; ]\n<hr \/>\n<p style=\"text-align: center;\"><div class=\"su-youtube su-u-responsive-media-yes\"><iframe width=\"600\" height=\"400\" src=\"https:\/\/www.youtube.com\/embed\/TgHfk1C_H9A?autohide=2&amp;autoplay=0&amp;mute=0&amp;controls=1&amp;fs=1&amp;loop=0&amp;modestbranding=0&amp;rel=1&amp;showinfo=1&amp;theme=dark&amp;wmode=&amp;playsinline=0\" frameborder=\"0\" allowfullscreen allow=\"autoplay; encrypted-media; picture-in-picture\" title=\"\"><\/iframe><\/div>\n","protected":false},"excerpt":{"rendered":"<p>Ha\u00efti-Observateur\u00a0\/\u00a0ISSN: 1043-3783\u00a0\u2013\u00a0Vol. 1, no. 1\u00a0(25-30 juil.\u00a01971).\u00a0\u00ab\u00a0L\u00e8 Manke Gid P\u00e8p La Gaye,\u00a0\u00bb July 23, 1971 ; trans. : For lack of leadership, the people go astray. Ha\u00efti-Observateur est pr\u00e9sent dans 34 biblioth\u00e8ques de recherches (universitaires et nationales) \u00e0 travers le monde, dont: Library of Congress (US) created::\u00a0Brooklyn, N.Y. : Joseph and Joseph Publishing, 1971- Weekly Began with: Vol. 1, no. 1 (25-30 juil. 1971). \u00ab\u00a0Le\u0300 Manke Gid Pe\u0300p La Gaye,\u00a0\u00bb July 23, 1971 ; trans. : For lack of leadership, the people go astray. ACQN:\u00a0aq 94010223 volumes : illustrations ;\u00a042 cm&#8230; <\/p>\n","protected":false},"author":1,"featured_media":2116,"parent":0,"menu_order":0,"comment_status":"closed","ping_status":"closed","template":"home-layout-masonry.php","meta":[],"_links":{"self":[{"href":"http:\/\/haiti-observateur.org\/index.php?rest_route=\/wp\/v2\/pages\/17"}],"collection":[{"href":"http:\/\/haiti-observateur.org\/index.php?rest_route=\/wp\/v2\/pages"}],"about":[{"href":"http:\/\/haiti-observateur.org\/index.php?rest_route=\/wp\/v2\/types\/page"}],"author":[{"embeddable":true,"href":"http:\/\/haiti-observateur.org\/index.php?rest_route=\/wp\/v2\/users\/1"}],"replies":[{"embeddable":true,"href":"http:\/\/haiti-observateur.org\/index.php?rest_route=%2Fwp%2Fv2%2Fcomments&post=17"}],"version-history":[{"count":5,"href":"http:\/\/haiti-observateur.org\/index.php?rest_route=\/wp\/v2\/pages\/17\/revisions"}],"predecessor-version":[{"id":6394,"href":"http:\/\/haiti-observateur.org\/index.php?rest_route=\/wp\/v2\/pages\/17\/revisions\/6394"}],"wp:featuredmedia":[{"embeddable":true,"href":"http:\/\/haiti-observateur.org\/index.php?rest_route=\/wp\/v2\/media\/2116"}],"wp:attachment":[{"href":"http:\/\/haiti-observateur.org\/index.php?rest_route=%2Fwp%2Fv2%2Fmedia&parent=17"}],"curies":[{"name":"wp","href":"https:\/\/api.w.org\/{rel}","templated":true}]}}